{"id":11,"date":"2020-04-02T20:37:58","date_gmt":"2020-04-02T20:37:58","guid":{"rendered":"http:\/\/gomezdelinares.com\/?page_id=11"},"modified":"2021-09-24T18:20:36","modified_gmt":"2021-09-24T18:20:36","slug":"abogados","status":"publish","type":"page","link":"http:\/\/gomezdelinares.com\/?page_id=11","title":{"rendered":"Abogados"},"content":{"rendered":"\n<p>Somos un equipo de profesionales dedicados al asesoramiento legal, multidisciplinar y din\u00e1mico. Nuestros principios, la excelencia en el trabajo y la honestidad, gu\u00edan nuestra labor buscando la mejor soluci\u00f3n a sus problemas legales. Atesoramos experiencia y juventud en un mismo despacho. Nuestros clientes hablan por nosotros.<\/p>\n\n\n\n<div class=\"wp-block-group\"><div class=\"wp-block-group__inner-container\"><ul class=\"wp-block-latest-posts__list is-grid columns-3 has-dates alignleft wp-block-latest-posts\"><li><div class=\"wp-block-latest-posts__featured-image alignleft\"><img width=\"150\" height=\"150\" src=\"http:\/\/gomezdelinares.com\/wp-content\/uploads\/2020\/04\/ayudaalquileres-150x150.jpg\" class=\"attachment-thumbnail size-thumbnail wp-post-image\" alt=\"\" loading=\"lazy\" style=\"\" \/><\/div><a href=\"http:\/\/gomezdelinares.com\/?p=171\">Update: Government aid for tenants.<\/a><time datetime=\"2020-04-16T21:30:43+00:00\" class=\"wp-block-latest-posts__post-date\">16 abril 2020<\/time><div class=\"wp-block-latest-posts__post-excerpt\">As we all know, we are living through absolutely crazy times in which information comes almost out of date. It is necessary to be updated [&hellip;]<\/div><\/li>\n<li><div class=\"wp-block-latest-posts__featured-image alignleft\"><img width=\"150\" height=\"150\" src=\"http:\/\/gomezdelinares.com\/wp-content\/uploads\/2020\/04\/foreignershelp-150x150.jpg\" class=\"attachment-thumbnail size-thumbnail wp-post-image\" alt=\"\" loading=\"lazy\" style=\"\" \/><\/div><a href=\"http:\/\/gomezdelinares.com\/?p=168\">How to get the Spanish Government help to pay the rent of your house (free help and guide for foreigners)<\/a><time datetime=\"2020-04-09T21:13:30+00:00\" class=\"wp-block-latest-posts__post-date\">9 abril 2020<\/time><div class=\"wp-block-latest-posts__post-excerpt\">Due to the questions asked by many of foreigners living in the Canary Islands, I would like to offer my free advise on the subject [&hellip;]<\/div><\/li>\n<li><div class=\"wp-block-latest-posts__featured-image alignleft\"><img width=\"150\" height=\"150\" src=\"http:\/\/gomezdelinares.com\/wp-content\/uploads\/2020\/04\/ayudacanarias-150x150.jpg\" class=\"attachment-thumbnail size-thumbnail wp-post-image\" alt=\"\" loading=\"lazy\" style=\"\" \/><\/div><a href=\"http:\/\/gomezdelinares.com\/?p=163\">El Gobierno de Canarias aprueba un paquete de ayudas a aut\u00f3nomos y PYMES<\/a><time datetime=\"2020-04-05T10:00:42+00:00\" class=\"wp-block-latest-posts__post-date\">5 abril 2020<\/time><div class=\"wp-block-latest-posts__post-excerpt\">La Consejer\u00eda de Hacienda, Presupuestos y Asuntos Europeos ha aprobado un nuevo paquete de medidas para aliviar las obligaciones fiscales de las empresas canarias y [&hellip;]<\/div><\/li>\n<li><div class=\"wp-block-latest-posts__featured-image alignleft\"><img width=\"150\" height=\"150\" src=\"http:\/\/gomezdelinares.com\/wp-content\/uploads\/2020\/04\/renta2-150x150.jpg\" class=\"attachment-thumbnail size-thumbnail wp-post-image\" alt=\"\" loading=\"lazy\" style=\"\" \/><\/div><a href=\"http:\/\/gomezdelinares.com\/?p=158\">Campa\u00f1a sobre la Declaraci\u00f3n de la Renta de las Personas F\u00edsicas<\/a><time datetime=\"2020-04-04T16:53:01+00:00\" class=\"wp-block-latest-posts__post-date\">4 abril 2020<\/time><div class=\"wp-block-latest-posts__post-excerpt\">Los contribuyentes tendr\u00e1n de plazo del 1 de abril hasta el 30 de junio. Si lo desea, nuestro equipo de expertos asesores fiscales, confeccionar\u00e1n su [&hellip;]<\/div><\/li>\n<li><div class=\"wp-block-latest-posts__featured-image alignleft\"><img width=\"150\" height=\"150\" src=\"http:\/\/gomezdelinares.com\/wp-content\/uploads\/2020\/04\/autonomoscan-150x150.jpg\" class=\"attachment-thumbnail size-thumbnail wp-post-image\" alt=\"\" loading=\"lazy\" style=\"\" \/><\/div><a href=\"http:\/\/gomezdelinares.com\/?p=153\">Aut\u00f3nomos y PYMES en Canarias. Medidas adoptadas frente al Coronavirus<\/a><time datetime=\"2020-04-04T16:29:23+00:00\" class=\"wp-block-latest-posts__post-date\">4 abril 2020<\/time><div class=\"wp-block-latest-posts__post-excerpt\">El Gobierno de Canarias ha publicado la orden n\u00ba 1165 de 20 de marzo de 2020, por la que se disponen y aclaran los plazos [&hellip;]<\/div><\/li>\n<\/ul><\/div><\/div>\n","protected":false},"excerpt":{"rendered":"<p>Somos un equipo de profesionales dedicados al asesoramiento legal, multidisciplinar y din\u00e1mico. Nuestros principios, la [&hellip;]<\/p>\n","protected":false},"author":1,"featured_media":0,"parent":0,"menu_order":0,"comment_status":"closed","ping_status":"closed","template":"","meta":[],"_links":{"self":[{"href":"http:\/\/gomezdelinares.com\/index.php?rest_route=\/wp\/v2\/pages\/11"}],"collection":[{"href":"http:\/\/gomezdelinares.com\/index.php?rest_route=\/wp\/v2\/pages"}],"about":[{"href":"http:\/\/gomezdelinares.com\/index.php?rest_route=\/wp\/v2\/types\/page"}],"author":[{"embeddable":true,"href":"http:\/\/gomezdelinares.com\/index.php?rest_route=\/wp\/v2\/users\/1"}],"replies":[{"embeddable":true,"href":"http:\/\/gomezdelinares.com\/index.php?rest_route=%2Fwp%2Fv2%2Fcomments&post=11"}],"version-history":[{"count":13,"href":"http:\/\/gomezdelinares.com\/index.php?rest_route=\/wp\/v2\/pages\/11\/revisions"}],"predecessor-version":[{"id":183,"href":"http:\/\/gomezdelinares.com\/index.php?rest_route=\/wp\/v2\/pages\/11\/revisions\/183"}],"wp:attachment":[{"href":"http:\/\/gomezdelinares.com\/index.php?rest_route=%2Fwp%2Fv2%2Fmedia&parent=11"}],"curies":[{"name":"wp","href":"https:\/\/api.w.org\/{rel}","templated":true}]}}