{"id":121,"date":"2020-04-04T11:58:20","date_gmt":"2020-04-04T11:58:20","guid":{"rendered":"http:\/\/gomezdelinares.com\/?page_id=121"},"modified":"2020-04-04T12:15:10","modified_gmt":"2020-04-04T12:15:10","slug":"quienes-somos","status":"publish","type":"page","link":"http:\/\/gomezdelinares.com\/?page_id=121","title":{"rendered":"Acerca de"},"content":{"rendered":"\n<p>Grano a grano, piedra a piedra, paso a paso. Ganas, fuerza, coraje y confianza en cada experiencia, en cada miembro del equipo y en cada una de sus habilidades.<\/p>\n\n\n\n<p>El \u00e9xito se alcanza por aquellos que no saben que el fracaso es inevitable. Pero para alcanzarlo no puedes ir solo. Nada puede hacerse sin esperanza y confianza, y es ah\u00ed, donde se hace patente la necesidad de contar con un equipo de profesionales, con capacidad, dinamismo y experiencia, que faciliten y hagan viable sus proyectos.<\/p>\n\n\n\n<p>Y es que, todos los proyectos necesitan del apoyo t\u00e9cnico de los profesionales adecuados. Profesionales que han labrado su carrera a partir de conocimiento, experiencia y pr\u00e1ctica. Sin embargo, tambi\u00e9n necesitamos de la confianza y de la seguridad de sentirnos respaldados y apoyados por estos mismos profesionales.<\/p>\n\n\n\n<p>Y es ah\u00ed donde este estudio quiere posicionarse con firmeza, desde la honestidad, la confianza, la excelencia en el trabajo y la seriedad en el cumplimiento de las metas.<\/p>\n\n\n\n<p>La capacidad de decisi\u00f3n, y la determinaci\u00f3n, son claves para conseguir el \u00e9xito.<\/p>\n\n\n\n<p>A todos, BIENVENIDOS.<\/p>\n\n\n\n<p>Carlos A. G\u00f3mez de Linares Rodr\u00edguez<br>Abogado<\/p>\n\n\n\n<p class=\"has-drop-cap\"><\/p>\n","protected":false},"excerpt":{"rendered":"<p>Grano a grano, piedra a piedra, paso a paso. Ganas, fuerza, coraje y confianza en [&hellip;]<\/p>\n","protected":false},"author":1,"featured_media":0,"parent":0,"menu_order":0,"comment_status":"closed","ping_status":"closed","template":"","meta":[],"_links":{"self":[{"href":"http:\/\/gomezdelinares.com\/index.php?rest_route=\/wp\/v2\/pages\/121"}],"collection":[{"href":"http:\/\/gomezdelinares.com\/index.php?rest_route=\/wp\/v2\/pages"}],"about":[{"href":"http:\/\/gomezdelinares.com\/index.php?rest_route=\/wp\/v2\/types\/page"}],"author":[{"embeddable":true,"href":"http:\/\/gomezdelinares.com\/index.php?rest_route=\/wp\/v2\/users\/1"}],"replies":[{"embeddable":true,"href":"http:\/\/gomezdelinares.com\/index.php?rest_route=%2Fwp%2Fv2%2Fcomments&post=121"}],"version-history":[{"count":2,"href":"http:\/\/gomezdelinares.com\/index.php?rest_route=\/wp\/v2\/pages\/121\/revisions"}],"predecessor-version":[{"id":129,"href":"http:\/\/gomezdelinares.com\/index.php?rest_route=\/wp\/v2\/pages\/121\/revisions\/129"}],"wp:attachment":[{"href":"http:\/\/gomezdelinares.com\/index.php?rest_route=%2Fwp%2Fv2%2Fmedia&parent=121"}],"curies":[{"name":"wp","href":"https:\/\/api.w.org\/{rel}","templated":true}]}}